{"id":978,"date":"2011-08-05T16:09:17","date_gmt":"2011-08-05T14:09:17","guid":{"rendered":"https:\/\/www.malikiyya.dk\/boeger\/koranen\/"},"modified":"2022-07-31T12:24:55","modified_gmt":"2022-07-31T10:24:55","slug":"koranen","status":"publish","type":"page","link":"https:\/\/www.muwatta.com\/da\/boeger\/koranen\/","title":{"rendered":"Koranen"},"content":{"rendered":"<p>Overs\u00e6ttelser af Koranens mening:<br \/>\n<a href=\"https:\/\/www.saxo.com\/dk\/koranen-paa-dansk-med-arabisk-tekst_abdullah-simsek-ahmet-onay_hardback_9788799727520\" target=\"_blank\" rel=\"noopener\">Koranen &#8211; dansk overs\u00e6ttelse med arabisk tekst (hardback)<\/a> [eksternt link]<br \/>\n<a href=\"https:\/\/www.saxo.com\/dk\/koranen-paa-dansk_oversat-af-abdullah-simsek-i-samarbejde-med-ahmet-onay_paperback_9788799727506\" target=\"_blank\" rel=\"noopener\">Koranen p\u00e5 dansk (paperback)<\/a> [eksternt link]<br \/>\n<a href=\"http:\/\/www.sacred-texts.com\/isl\/pick\/index.htm\">The Meaning of the Glorious Quran &#8211; M.M. Picthall<\/a> [html]<br \/>\n<a href=\"https:\/\/www.muwatta.com\/da\/ebooks\/norsk\/koranen_norsk_oversaettelse.pdf\">Koranen (norsk overs\u00e6ttelse) &#8211; Einar Berg<\/a> [pdf &#8211; 1.4 MB]<\/p>\n","protected":false},"excerpt":{"rendered":"<p>Overs\u00e6ttelser af Koranens mening: Koranen &#8211; dansk overs\u00e6ttelse med arabisk tekst (hardback) [eksternt link] Koranen p\u00e5 dansk (paperback) [eksternt link] The Meaning of the Glorious Quran &#8211; M.M. Picthall [html] Koranen (norsk overs\u00e6ttelse) &#8211; Einar Berg [pdf &#8211; 1.4 MB]<\/p>\n","protected":false},"author":1,"featured_media":0,"parent":295,"menu_order":1,"comment_status":"closed","ping_status":"closed","template":"","meta":{"site-sidebar-layout":"default","site-content-layout":"default","ast-global-header-display":"","ast-main-header-display":"","ast-hfb-above-header-display":"","ast-hfb-below-header-display":"","ast-hfb-mobile-header-display":"","site-post-title":"","ast-breadcrumbs-content":"","ast-featured-img":"","footer-sml-layout":"","theme-transparent-header-meta":"","adv-header-id-meta":"","stick-header-meta":"","header-above-stick-meta":"","header-main-stick-meta":"","header-below-stick-meta":"","footnotes":""},"jetpack_sharing_enabled":true,"_links":{"self":[{"href":"https:\/\/www.muwatta.com\/da\/wp-json\/wp\/v2\/pages\/978"}],"collection":[{"href":"https:\/\/www.muwatta.com\/da\/wp-json\/wp\/v2\/pages"}],"about":[{"href":"https:\/\/www.muwatta.com\/da\/wp-json\/wp\/v2\/types\/page"}],"author":[{"embeddable":true,"href":"https:\/\/www.muwatta.com\/da\/wp-json\/wp\/v2\/users\/1"}],"replies":[{"embeddable":true,"href":"https:\/\/www.muwatta.com\/da\/wp-json\/wp\/v2\/comments?post=978"}],"version-history":[{"count":1,"href":"https:\/\/www.muwatta.com\/da\/wp-json\/wp\/v2\/pages\/978\/revisions"}],"predecessor-version":[{"id":3762,"href":"https:\/\/www.muwatta.com\/da\/wp-json\/wp\/v2\/pages\/978\/revisions\/3762"}],"up":[{"embeddable":true,"href":"https:\/\/www.muwatta.com\/da\/wp-json\/wp\/v2\/pages\/295"}],"wp:attachment":[{"href":"https:\/\/www.muwatta.com\/da\/wp-json\/wp\/v2\/media?parent=978"}],"curies":[{"name":"wp","href":"https:\/\/api.w.org\/{rel}","templated":true}]}}