{"id":619,"date":"2009-08-26T10:17:51","date_gmt":"2009-08-26T08:17:51","guid":{"rendered":"https:\/\/www.malikiyya.dk\/om-os\/"},"modified":"2022-07-31T15:03:17","modified_gmt":"2022-07-31T13:03:17","slug":"om-os","status":"publish","type":"page","link":"https:\/\/www.muwatta.com\/da\/om-os\/","title":{"rendered":"Om os"},"content":{"rendered":"<p>I All\u0101hs Navn, Den Mest N\u00e5dige, Den Mest Barmhjertige<\/p>\n<p><strong>Muwatta.com<\/strong> er dedikeret til at udbrede viden om islam, if\u00f8lge Ahl al-Sunna wal-Jam\u0101&#8217;ahs forst\u00e5else og metodik (dvs. mainstream sunni islam), med s\u00e6rlig fokus p\u00e5 m\u0101lik\u012b-retsskolen.<\/p>\n<p>Profeten Mu\u1e25ammad (All\u0101hs fred og velsignelser v\u00e6re med ham og hans familie) sagde:<\/p>\n<blockquote><p><strong>&#8220;Islam er bygget p\u00e5 fem: at bevidne at der ikke findes nogen gud (noget v\u00e6rdigt til tilbedelse), undtagen All\u0101h og at Mu\u1e25ammad er Hans Sendebud, at etablere b\u00f8nnen (\u1e63al\u0101h), at give den obligatoriske almisse (zak\u0101t), pilgrimsf\u00e6rd (\u1e25ajj) til Huset og at faste Rama\u1e0d\u0101n.&#8221;<\/strong> (al-Bukh\u0101r\u012b &amp; Muslim)<\/p><\/blockquote>\n<p>Og han (All\u0101hs fred og velsignelser v\u00e6re med ham og hans familie)\u200b sagde:<\/p>\n<blockquote><p><strong>&#8220;Hold jer til forsamlingen (al-jam\u0101&#8217;a) og undg\u00e5 opsplittelse. Dj\u00e6velen er med den, som er alene og han er l\u00e6ngere v\u00e6k fra de som er to. Enhver, der \u00f8nsker sig Havens udstrakte vidder, lad ham holde sig til forsamlingen.&#8221;<\/strong> (al-Tirmidh\u012b &amp; al-Nas\u0101\u02bc\u012b)<\/p><\/blockquote>\n<p>Transkriptions-standarden vi bruger til romanisering af arabisk er beskrevet <a href=\"https:\/\/www.muwatta.com\/da\/transkription\/\">her<\/a>.<\/p>\n","protected":false},"excerpt":{"rendered":"<p>I All\u0101hs Navn, Den Mest N\u00e5dige, Den Mest Barmhjertige Muwatta.com er dedikeret til at udbrede viden om islam, if\u00f8lge Ahl al-Sunna wal-Jam\u0101&#8217;ahs forst\u00e5else og metodik (dvs. mainstream sunni islam), med s\u00e6rlig fokus p\u00e5 m\u0101lik\u012b-retsskolen. Profeten Mu\u1e25ammad (All\u0101hs fred og velsignelser v\u00e6re med ham og hans familie) sagde: &#8220;Islam er bygget p\u00e5 fem: at bevidne at &hellip;<\/p>\n<p class=\"read-more\"> <a class=\"\" href=\"https:\/\/www.muwatta.com\/da\/om-os\/\"> <span class=\"screen-reader-text\">Om os<\/span> L\u00e6s mere &raquo;<\/a><\/p>\n","protected":false},"author":1,"featured_media":0,"parent":0,"menu_order":0,"comment_status":"closed","ping_status":"closed","template":"","meta":{"site-sidebar-layout":"default","site-content-layout":"default","ast-global-header-display":"","ast-main-header-display":"","ast-hfb-above-header-display":"","ast-hfb-below-header-display":"","ast-hfb-mobile-header-display":"","site-post-title":"","ast-breadcrumbs-content":"","ast-featured-img":"","footer-sml-layout":"","theme-transparent-header-meta":"default","adv-header-id-meta":"","stick-header-meta":"","header-above-stick-meta":"","header-main-stick-meta":"","header-below-stick-meta":"","footnotes":""},"jetpack_sharing_enabled":false,"_links":{"self":[{"href":"https:\/\/www.muwatta.com\/da\/wp-json\/wp\/v2\/pages\/619"}],"collection":[{"href":"https:\/\/www.muwatta.com\/da\/wp-json\/wp\/v2\/pages"}],"about":[{"href":"https:\/\/www.muwatta.com\/da\/wp-json\/wp\/v2\/types\/page"}],"author":[{"embeddable":true,"href":"https:\/\/www.muwatta.com\/da\/wp-json\/wp\/v2\/users\/1"}],"replies":[{"embeddable":true,"href":"https:\/\/www.muwatta.com\/da\/wp-json\/wp\/v2\/comments?post=619"}],"version-history":[{"count":2,"href":"https:\/\/www.muwatta.com\/da\/wp-json\/wp\/v2\/pages\/619\/revisions"}],"predecessor-version":[{"id":3773,"href":"https:\/\/www.muwatta.com\/da\/wp-json\/wp\/v2\/pages\/619\/revisions\/3773"}],"wp:attachment":[{"href":"https:\/\/www.muwatta.com\/da\/wp-json\/wp\/v2\/media?parent=619"}],"curies":[{"name":"wp","href":"https:\/\/api.w.org\/{rel}","templated":true}]}}