{"id":3703,"date":"2019-01-10T18:55:19","date_gmt":"2019-01-10T17:55:19","guid":{"rendered":"https:\/\/www.malikiyya.dk\/links\/"},"modified":"2019-01-10T18:55:19","modified_gmt":"2019-01-10T17:55:19","slug":"links","status":"publish","type":"page","link":"https:\/\/www.muwatta.com\/da\/links\/","title":{"rendered":"Links"},"content":{"rendered":"<p>M\u0101lik\u012b-hjemmesider p\u00e5 engelsk:<br \/>\n<a href=\"http:\/\/www.muwatta.com\/\">Muwatta.com<\/a> (vores engelsksprogede side)<br \/>\n<a href=\"http:\/\/malikifiqhqa.com\/\">MalikiFiqhQA.com<\/a><br \/>\n<a href=\"http:\/\/binbayyah.net\/english\/\">BinBayyah.net<\/a><\/p>\n<p>M\u0101lik\u012b-kurser p\u00e5 engelsk (online):<br \/>\n<a href=\"https:\/\/en.mahdara.org\/\">The English Mahdara<\/a><br \/>\n<a href=\"https:\/\/www.themadinanway.org\/malikifiqhcourses\" rel=\"noopener\" target=\"_blank\">The Madinan Way<\/a><br \/>\n<a href=\"https:\/\/www.faydainstitute.org\/\">FaydaInstitute.org<\/a><br \/>\n<a href=\"http:\/\/meeminstitute.com\/\">MeemInstitute.com<\/a><br \/>\n<a href=\"https:\/\/www.taybafoundation.org\/education\/\">TaybaFoundation.com<\/a>\t\t<\/p>\n","protected":false},"excerpt":{"rendered":"<p>M\u0101lik\u012b-hjemmesider p\u00e5 engelsk: Muwatta.com (vores engelsksprogede side) MalikiFiqhQA.com BinBayyah.net M\u0101lik\u012b-kurser p\u00e5 engelsk (online): The English Mahdara The Madinan Way FaydaInstitute.org MeemInstitute.com TaybaFoundation.com<\/p>\n","protected":false},"author":1,"featured_media":0,"parent":0,"menu_order":0,"comment_status":"closed","ping_status":"closed","template":"","meta":{"site-sidebar-layout":"default","site-content-layout":"default","ast-global-header-display":"","ast-main-header-display":"","ast-hfb-above-header-display":"","ast-hfb-below-header-display":"","ast-hfb-mobile-header-display":"","site-post-title":"","ast-breadcrumbs-content":"","ast-featured-img":"","footer-sml-layout":"","theme-transparent-header-meta":"default","adv-header-id-meta":"","stick-header-meta":"","header-above-stick-meta":"","header-main-stick-meta":"","header-below-stick-meta":"","footnotes":""},"jetpack_sharing_enabled":true,"_links":{"self":[{"href":"https:\/\/www.muwatta.com\/da\/wp-json\/wp\/v2\/pages\/3703"}],"collection":[{"href":"https:\/\/www.muwatta.com\/da\/wp-json\/wp\/v2\/pages"}],"about":[{"href":"https:\/\/www.muwatta.com\/da\/wp-json\/wp\/v2\/types\/page"}],"author":[{"embeddable":true,"href":"https:\/\/www.muwatta.com\/da\/wp-json\/wp\/v2\/users\/1"}],"replies":[{"embeddable":true,"href":"https:\/\/www.muwatta.com\/da\/wp-json\/wp\/v2\/comments?post=3703"}],"version-history":[{"count":0,"href":"https:\/\/www.muwatta.com\/da\/wp-json\/wp\/v2\/pages\/3703\/revisions"}],"wp:attachment":[{"href":"https:\/\/www.muwatta.com\/da\/wp-json\/wp\/v2\/media?parent=3703"}],"curies":[{"name":"wp","href":"https:\/\/api.w.org\/{rel}","templated":true}]}}