{"id":3398,"date":"2015-06-17T01:01:05","date_gmt":"2015-06-16T23:01:05","guid":{"rendered":"https:\/\/www.malikiyya.dk\/fiqh\/maliki\/"},"modified":"2022-07-31T12:20:27","modified_gmt":"2022-07-31T10:20:27","slug":"maliki","status":"publish","type":"page","link":"https:\/\/www.muwatta.com\/da\/artikler\/fiqh\/maliki\/","title":{"rendered":"M\u0101lik\u012b"},"content":{"rendered":"<p>Rituel renhed og afvaskning (\u1e6dah\u0101ra):<br \/>\n<a href=\"https:\/\/www.muwatta.com\/da\/det-der-bryder-wudu-maliki\/\">Det der bryder wu\u1e0d\u016b\u02bc<\/a><br \/>\n<a href=\"https:\/\/www.muwatta.com\/da\/rituel-afvaskning-wudu-maliki\/\">Rituel afvasking &#8211; wud\u016b\u02bc<\/a><\/p>\n<p>Rituel badning (ghusl):<br \/>\n<a href=\"https:\/\/www.muwatta.com\/da\/rituel-badning-ghusl-maliki\/\">Rituel badning &#8211; ghusl<\/a><\/p>\n<p>B\u00f8nnen (\u1e63al\u0101t):<br \/>\n<a href=\"https:\/\/www.muwatta.com\/da\/adhan-og-iqama-maliki\/\">Adh\u0101n og iq\u0101ma &#8211; kald til b\u00f8n<\/a><br \/>\n<a href=\"https:\/\/www.muwatta.com\/da\/hvordan-man-udfoerer-boennen-maliki\/\">Hvordan man udf\u00f8rer b\u00f8nnen<\/a><br \/>\n<a href=\"https:\/\/www.muwatta.com\/da\/qunut-maliki\/\">Qun\u016bt<\/a><br \/>\n<a href=\"https:\/\/www.muwatta.com\/da\/alvoren-i-at-forlade-boennen\/\">Alvoren i at forlade b\u00f8nnen<\/a><br \/>\n<a href=\"https:\/\/www.muwatta.com\/da\/boennens-vigtighed\/\">B\u00f8nnens vigtighed<\/a><br \/>\n<a href=\"https:\/\/www.muwatta.com\/da\/at-bede-i-et-rum-med-billeder-af-levende-vaesener\/\">At bede i et rum med billeder af levende v\u00e6sener<\/a><br \/>\n<a href=\"https:\/\/www.muwatta.com\/da\/betingelserne-for-fredags-khutba\/\">Betingelserne for fredags-khu\u1e6dba<\/a><br \/>\n<a href=\"https:\/\/www.muwatta.com\/da\/hvor-skal-man-se-hen-under-boennen-maliki\/\">Hvor skal man se hen under b\u00f8nnen, if\u00f8lge m\u0101lik\u012b-retsskolen?<\/a><br \/>\n<a href=\"https:\/\/www.muwatta.com\/da\/ikhtiyari-og-daruri-tid-ifoelge-maliki-skolen\/\">Ikhtiy\u0101r\u012b- og \u1e0dar\u016br\u012b-tid if\u00f8lge m\u0101lik\u012b-skolen<\/a><\/p>\n<p>Fasten (\u1e63awm):<br \/>\n<a href=\"https:\/\/www.muwatta.com\/da\/er-en-enkelt-intention-niyyah-for-ramadan-nok\/\">Er en enkelt intention (niyyah) for Rama\u1e0d\u0101n nok?<\/a><br \/>\n<a href=\"https:\/\/www.muwatta.com\/da\/at-sluge-slim-og-spyt-nar-man-faster\/\">At sluge slim og spyt n\u00e5r man faster<\/a><\/p>\n<p>Almissen (z\u0101kat og \u1e63adaqa):<br \/>\n<a href=\"https:\/\/www.muwatta.com\/da\/at-betale-zakat-al-fitr-med-penge\/\">At betale z\u0101kat al-fi\u1e6dr med penge<\/a><\/p>\n<p>Mad og drikke:<br \/>\n<a href=\"https:\/\/www.muwatta.com\/da\/indtagelse-af-alkohol-i-madvarer\/\">Indtagelse af alkohol i madvarer<\/a><\/p>\n<p>Bekl\u00e6dning:<br \/>\n<a href=\"https:\/\/www.muwatta.com\/da\/at-have-bukser-under-anklerne\/\">At have bukser under anklerne<\/a><\/p>\n<p>Sport og fritid:<br \/>\n<a href=\"https:\/\/www.muwatta.com\/da\/at-bukke-i-kampkunst\/\">At bukke i kampkunst<\/a><\/p>\n","protected":false},"excerpt":{"rendered":"<p>Rituel renhed og afvaskning (\u1e6dah\u0101ra): Det der bryder wu\u1e0d\u016b\u02bc Rituel afvasking &#8211; wud\u016b\u02bc Rituel badning (ghusl): Rituel badning &#8211; ghusl B\u00f8nnen (\u1e63al\u0101t): Adh\u0101n og iq\u0101ma &#8211; kald til b\u00f8n Hvordan man udf\u00f8rer b\u00f8nnen Qun\u016bt Alvoren i at forlade b\u00f8nnen B\u00f8nnens vigtighed At bede i et rum med billeder af levende v\u00e6sener Betingelserne for fredags-khu\u1e6dba Hvor &hellip;<\/p>\n<p class=\"read-more\"> <a class=\"\" href=\"https:\/\/www.muwatta.com\/da\/artikler\/fiqh\/maliki\/\"> <span class=\"screen-reader-text\">M\u0101lik\u012b<\/span> L\u00e6s mere &raquo;<\/a><\/p>\n","protected":false},"author":1,"featured_media":0,"parent":970,"menu_order":1,"comment_status":"closed","ping_status":"closed","template":"","meta":{"site-sidebar-layout":"default","site-content-layout":"default","ast-global-header-display":"","ast-main-header-display":"","ast-hfb-above-header-display":"","ast-hfb-below-header-display":"","ast-hfb-mobile-header-display":"","site-post-title":"","ast-breadcrumbs-content":"","ast-featured-img":"","footer-sml-layout":"","theme-transparent-header-meta":"","adv-header-id-meta":"","stick-header-meta":"","header-above-stick-meta":"","header-main-stick-meta":"","header-below-stick-meta":"","footnotes":""},"jetpack_sharing_enabled":true,"_links":{"self":[{"href":"https:\/\/www.muwatta.com\/da\/wp-json\/wp\/v2\/pages\/3398"}],"collection":[{"href":"https:\/\/www.muwatta.com\/da\/wp-json\/wp\/v2\/pages"}],"about":[{"href":"https:\/\/www.muwatta.com\/da\/wp-json\/wp\/v2\/types\/page"}],"author":[{"embeddable":true,"href":"https:\/\/www.muwatta.com\/da\/wp-json\/wp\/v2\/users\/1"}],"replies":[{"embeddable":true,"href":"https:\/\/www.muwatta.com\/da\/wp-json\/wp\/v2\/comments?post=3398"}],"version-history":[{"count":1,"href":"https:\/\/www.muwatta.com\/da\/wp-json\/wp\/v2\/pages\/3398\/revisions"}],"predecessor-version":[{"id":3754,"href":"https:\/\/www.muwatta.com\/da\/wp-json\/wp\/v2\/pages\/3398\/revisions\/3754"}],"up":[{"embeddable":true,"href":"https:\/\/www.muwatta.com\/da\/wp-json\/wp\/v2\/pages\/970"}],"wp:attachment":[{"href":"https:\/\/www.muwatta.com\/da\/wp-json\/wp\/v2\/media?parent=3398"}],"curies":[{"name":"wp","href":"https:\/\/api.w.org\/{rel}","templated":true}]}}