{"id":295,"date":"2010-01-08T19:18:23","date_gmt":"2010-01-08T18:18:23","guid":{"rendered":"https:\/\/www.malikiyya.dk\/boeger\/"},"modified":"2023-01-15T13:32:49","modified_gmt":"2023-01-15T12:32:49","slug":"boeger","status":"publish","type":"page","link":"https:\/\/www.muwatta.com\/da\/boeger\/","title":{"rendered":"B\u00f8ger"},"content":{"rendered":"<ul>\n<li><a href=\"https:\/\/www.muwatta.com\/da\/boeger\/koranen\/\">Koranen<\/a><\/li>\n<li><a href=\"https:\/\/www.muwatta.com\/da\/boeger\/fiqh\/\">Retsl\u00e6re (fiqh)<\/a><\/li>\n<li><a href=\"https:\/\/www.muwatta.com\/da\/boeger\/taqlid\/\">At f\u00f8lge retsskoler (taql\u012bd)<\/a><\/li>\n<li><a href=\"https:\/\/www.muwatta.com\/da\/boeger\/biografier\/\">Biografier<\/a><\/li>\n<\/ul>\n","protected":false},"excerpt":{"rendered":"<p>Koranen Retsl\u00e6re (fiqh) At f\u00f8lge retsskoler (taql\u012bd) Biografier<\/p>\n","protected":false},"author":1,"featured_media":0,"parent":0,"menu_order":5,"comment_status":"closed","ping_status":"open","template":"","meta":{"site-sidebar-layout":"default","site-content-layout":"default","ast-global-header-display":"","ast-main-header-display":"","ast-hfb-above-header-display":"","ast-hfb-below-header-display":"","ast-hfb-mobile-header-display":"","site-post-title":"","ast-breadcrumbs-content":"","ast-featured-img":"","footer-sml-layout":"","theme-transparent-header-meta":"default","adv-header-id-meta":"","stick-header-meta":"","header-above-stick-meta":"","header-main-stick-meta":"","header-below-stick-meta":"","footnotes":""},"jetpack_sharing_enabled":true,"_links":{"self":[{"href":"https:\/\/www.muwatta.com\/da\/wp-json\/wp\/v2\/pages\/295"}],"collection":[{"href":"https:\/\/www.muwatta.com\/da\/wp-json\/wp\/v2\/pages"}],"about":[{"href":"https:\/\/www.muwatta.com\/da\/wp-json\/wp\/v2\/types\/page"}],"author":[{"embeddable":true,"href":"https:\/\/www.muwatta.com\/da\/wp-json\/wp\/v2\/users\/1"}],"replies":[{"embeddable":true,"href":"https:\/\/www.muwatta.com\/da\/wp-json\/wp\/v2\/comments?post=295"}],"version-history":[{"count":1,"href":"https:\/\/www.muwatta.com\/da\/wp-json\/wp\/v2\/pages\/295\/revisions"}],"predecessor-version":[{"id":3761,"href":"https:\/\/www.muwatta.com\/da\/wp-json\/wp\/v2\/pages\/295\/revisions\/3761"}],"wp:attachment":[{"href":"https:\/\/www.muwatta.com\/da\/wp-json\/wp\/v2\/media?parent=295"}],"curies":[{"name":"wp","href":"https:\/\/api.w.org\/{rel}","templated":true}]}}