{"id":2670,"date":"2014-02-06T20:29:03","date_gmt":"2014-02-06T19:29:03","guid":{"rendered":"https:\/\/www.malikiyya.dk\/kontakt\/"},"modified":"2022-07-31T12:31:42","modified_gmt":"2022-07-31T10:31:42","slug":"kontakt","status":"publish","type":"page","link":"https:\/\/www.muwatta.com\/da\/kontakt\/","title":{"rendered":"Kontakt"},"content":{"rendered":"<p>Du kan kontakte sidens administrator ved at skrive til <strong>info@muwatta.com<\/strong><\/p>\n<p><strong>NB:<\/strong> Vi besvarer <strong><em>ikke<\/em><\/strong> fiqh-sp\u00f8rgsm\u00e5l her p\u00e5 siden. Vi anbefaler derfor, at man sender s\u00e5danne sp\u00f8rgsm\u00e5l til en kvalificeret l\u00e6rd (\u02bb\u0101lim).<\/p>\n","protected":false},"excerpt":{"rendered":"<p>Du kan kontakte sidens administrator ved at skrive til info@muwatta.com NB: Vi besvarer ikke fiqh-sp\u00f8rgsm\u00e5l her p\u00e5 siden. Vi anbefaler derfor, at man sender s\u00e5danne sp\u00f8rgsm\u00e5l til en kvalificeret l\u00e6rd (\u02bb\u0101lim).<\/p>\n","protected":false},"author":1,"featured_media":0,"parent":0,"menu_order":9,"comment_status":"closed","ping_status":"closed","template":"","meta":{"site-sidebar-layout":"default","site-content-layout":"default","ast-global-header-display":"","ast-main-header-display":"","ast-hfb-above-header-display":"","ast-hfb-below-header-display":"","ast-hfb-mobile-header-display":"","site-post-title":"","ast-breadcrumbs-content":"","ast-featured-img":"","footer-sml-layout":"","theme-transparent-header-meta":"","adv-header-id-meta":"","stick-header-meta":"","header-above-stick-meta":"","header-main-stick-meta":"","header-below-stick-meta":"","footnotes":""},"jetpack_sharing_enabled":true,"_links":{"self":[{"href":"https:\/\/www.muwatta.com\/da\/wp-json\/wp\/v2\/pages\/2670"}],"collection":[{"href":"https:\/\/www.muwatta.com\/da\/wp-json\/wp\/v2\/pages"}],"about":[{"href":"https:\/\/www.muwatta.com\/da\/wp-json\/wp\/v2\/types\/page"}],"author":[{"embeddable":true,"href":"https:\/\/www.muwatta.com\/da\/wp-json\/wp\/v2\/users\/1"}],"replies":[{"embeddable":true,"href":"https:\/\/www.muwatta.com\/da\/wp-json\/wp\/v2\/comments?post=2670"}],"version-history":[{"count":2,"href":"https:\/\/www.muwatta.com\/da\/wp-json\/wp\/v2\/pages\/2670\/revisions"}],"predecessor-version":[{"id":3768,"href":"https:\/\/www.muwatta.com\/da\/wp-json\/wp\/v2\/pages\/2670\/revisions\/3768"}],"wp:attachment":[{"href":"https:\/\/www.muwatta.com\/da\/wp-json\/wp\/v2\/media?parent=2670"}],"curies":[{"name":"wp","href":"https:\/\/api.w.org\/{rel}","templated":true}]}}