{"id":2455,"date":"2009-07-08T22:46:25","date_gmt":"2009-07-08T20:46:25","guid":{"rendered":"https:\/\/www.malikiyya.dk\/artikler\/"},"modified":"2022-07-31T12:17:36","modified_gmt":"2022-07-31T10:17:36","slug":"artikler","status":"publish","type":"page","link":"https:\/\/www.muwatta.com\/da\/artikler\/","title":{"rendered":"Artikler"},"content":{"rendered":"<ul>\n<li><a href=\"https:\/\/www.muwatta.com\/da\/artikler\/aqida\/\">Trosl\u00e6re (\u02bbaq\u012bda)<\/a><\/li>\n<li><a href=\"https:\/\/www.muwatta.com\/da\/artikler\/fiqh\/\">Retsl\u00e6re (fiqh)<\/a><\/li>\n<li><a href=\"https:\/\/www.muwatta.com\/da\/artikler\/taqlid\/\">At f\u00f8lge retsskoler (taql\u012bd)<\/a><\/li>\n<li><a href=\"https:\/\/www.muwatta.com\/da\/artikler\/tasawwuf\/\">\u00c5ndelighed (ta\u1e63awwuf)<\/a><\/li>\n<li><a href=\"https:\/\/www.muwatta.com\/da\/artikler\/historie-biografier\/\">Historie &amp; biografier<\/a><\/li>\n<li><a href=\"https:\/\/www.muwatta.com\/da\/artikler\/konvertitberetninger\/\">Konvertitberetninger<\/a><\/li>\n<\/ul>\n","protected":false},"excerpt":{"rendered":"<p>Trosl\u00e6re (\u02bbaq\u012bda) Retsl\u00e6re (fiqh) At f\u00f8lge retsskoler (taql\u012bd) \u00c5ndelighed (ta\u1e63awwuf) Historie &amp; biografier Konvertitberetninger<\/p>\n","protected":false},"author":1,"featured_media":0,"parent":0,"menu_order":2,"comment_status":"open","ping_status":"open","template":"","meta":{"site-sidebar-layout":"default","site-content-layout":"default","ast-global-header-display":"","ast-main-header-display":"","ast-hfb-above-header-display":"","ast-hfb-below-header-display":"","ast-hfb-mobile-header-display":"","site-post-title":"","ast-breadcrumbs-content":"","ast-featured-img":"","footer-sml-layout":"","theme-transparent-header-meta":"","adv-header-id-meta":"","stick-header-meta":"","header-above-stick-meta":"","header-main-stick-meta":"","header-below-stick-meta":"","footnotes":""},"jetpack_sharing_enabled":true,"_links":{"self":[{"href":"https:\/\/www.muwatta.com\/da\/wp-json\/wp\/v2\/pages\/2455"}],"collection":[{"href":"https:\/\/www.muwatta.com\/da\/wp-json\/wp\/v2\/pages"}],"about":[{"href":"https:\/\/www.muwatta.com\/da\/wp-json\/wp\/v2\/types\/page"}],"author":[{"embeddable":true,"href":"https:\/\/www.muwatta.com\/da\/wp-json\/wp\/v2\/users\/1"}],"replies":[{"embeddable":true,"href":"https:\/\/www.muwatta.com\/da\/wp-json\/wp\/v2\/comments?post=2455"}],"version-history":[{"count":1,"href":"https:\/\/www.muwatta.com\/da\/wp-json\/wp\/v2\/pages\/2455\/revisions"}],"predecessor-version":[{"id":3750,"href":"https:\/\/www.muwatta.com\/da\/wp-json\/wp\/v2\/pages\/2455\/revisions\/3750"}],"wp:attachment":[{"href":"https:\/\/www.muwatta.com\/da\/wp-json\/wp\/v2\/media?parent=2455"}],"curies":[{"name":"wp","href":"https:\/\/api.w.org\/{rel}","templated":true}]}}