{"id":218,"date":"2009-11-10T16:04:02","date_gmt":"2009-11-10T14:04:02","guid":{"rendered":"https:\/\/www.malikiyya.dk\/lydfiler\/"},"modified":"2022-07-31T12:30:23","modified_gmt":"2022-07-31T10:30:23","slug":"lydfiler","status":"publish","type":"page","link":"https:\/\/www.muwatta.com\/da\/lydfiler\/","title":{"rendered":"Lydfiler"},"content":{"rendered":"<p>Koran-recitation:<br \/>\n<a href=\"http:\/\/www.archive.org\/details\/MohamedAljaberyAlhiani\">Recitation af hele Koranen af q\u0101r\u012b Mohamed al-Hiani (warsh)<\/a> [download page]<br \/>\n<a href=\"http:\/\/projectnur.com\/juzzamma\/\">Juz&#8217; &#8216;Amma &#8211; reciteret af Shaykh Samir al-Nass (\u1e25af\u1e63)<\/a><\/p>\n<p>Sm\u00e5 Koran-vers til b\u00f8rn og nybegynderes indl\u00e6ring (\u1e25af\u1e63):<br \/>\n<a href=\"https:\/\/www.muwatta.com\/da\/audio\/001_fatiha_4kids.mp3\">S\u016brat al-F\u0101ti\u1e25a<\/a> [mp3 &#8211; 319 kB]<br \/>\n<a href=\"https:\/\/www.muwatta.com\/da\/audio\/109_kafirun_4kids.mp3\">S\u016brat al-K\u0101fir\u016bn<\/a> [mp3 &#8211; 251 kB]<br \/>\n<a href=\"https:\/\/www.muwatta.com\/da\/audio\/111_masad_4kids.mp3\">S\u016brat al-Masad<\/a> [mp3 &#8211; 252 kB]<br \/>\n<a href=\"https:\/\/www.muwatta.com\/da\/audio\/112_ikhlas_4kids.mp3\">S\u016brat al-Ikhl\u0101\u1e63<\/a> [mp3 &#8211; 145 kB]<br \/>\n<a href=\"https:\/\/www.muwatta.com\/da\/audio\/113_falaq_4kids.mp3\">S\u016brat al-Falaq<\/a> [mp3 &#8211; 219 kB]<br \/>\n<a href=\"https:\/\/www.muwatta.com\/da\/audio\/114_nas_4kids.mp3\">S\u016brat al-N\u0101s<\/a> [mp3 &#8211; 231 kB]<\/p>\n<p>Adh\u0101n (kald til b\u00f8n) fra forskellige byer og lande:<br \/>\n<a href=\"https:\/\/www.muwatta.com\/da\/audio\/adhan_bosnien.mp3\">Adh\u0101n fra Bosnien<\/a> [mp3 &#8211; 6.5 MB]<br \/>\n<a href=\"https:\/\/www.muwatta.com\/da\/audio\/adhan_egypten.mp3\">Adh\u0101n fra Egypten<\/a> [mp3 &#8211; 473 kB]<br \/>\n<a href=\"https:\/\/www.muwatta.com\/da\/audio\/adhan_indonesien.mp3\">Adh\u0101n fra Indonesien<\/a> [mp3 &#8211; 395 kB]<br \/>\n<a href=\"https:\/\/www.muwatta.com\/da\/audio\/adhan_irak.mp3\">Adh\u0101n fra Irak<\/a> [mp3 &#8211; 3.1 MB]<br \/>\n<a href=\"https:\/\/www.muwatta.com\/da\/audio\/adhan_jerusalem.mp3\">Adh\u0101n fra Jerusalem<\/a> [mp3 &#8211; 375 kB]<br \/>\n<a href=\"https:\/\/www.muwatta.com\/da\/audio\/adhan_madinah.mp3\">Adh\u0101n fra Madinah<\/a> [mp3 &#8211; 2.8 MB]<br \/>\n<a href=\"https:\/\/www.muwatta.com\/da\/audio\/adhan_makkah.mp3\">Adh\u0101n fra Makkah<\/a> [mp3 &#8211; 3.5 MB]<br \/>\n<a href=\"https:\/\/www.muwatta.com\/da\/audio\/adhan_marokko01.mp3\">Adh\u0101n fra Marokko #1<\/a> [mp3 &#8211; 5.2 MB]<br \/>\n<a href=\"https:\/\/www.muwatta.com\/da\/audio\/adhan_marokko02.mp3\">Adh\u0101n fra Marokko #2<\/a> [mp3 &#8211; 3.4 MB]<br \/>\n<a href=\"https:\/\/www.muwatta.com\/da\/audio\/adhan_marokko03.mp3\">Adh\u0101n fra Marokko #3 &#8211; m. du&#8217;a<\/a> [mp3 &#8211; 2.1 MB]<br \/>\n<a href=\"https:\/\/www.muwatta.com\/da\/audio\/adhan_pakistan.mp3\">Adh\u0101n fra Pakistan<\/a> [mp3 &#8211; 367 kB]<br \/>\n<a href=\"https:\/\/www.muwatta.com\/da\/audio\/adhan_syrien.mp3\">Adh\u0101n fra Syrien<\/a> [mp3 &#8211; 445 kB]<br \/>\n<a href=\"https:\/\/www.muwatta.com\/da\/audio\/adhan_tyrkiet.mp3\">Adh\u0101n fra Tyrkiet<\/a> [mp3 &#8211; 5.8 MB]<\/p>\n<p><strong>Recitation af fiqh-tekster:<\/strong><br \/>\n<a href=\"http:\/\/www.muwatta.com\/audios\/mutun\/al-murshid_al-muin.mp3\">Al-Murshid al-Mu&#8217;in<\/a> (m\u0101lik\u012b) [mp3 &#8211; 5.0 MB]<\/p>\n","protected":false},"excerpt":{"rendered":"<p>Koran-recitation: Recitation af hele Koranen af q\u0101r\u012b Mohamed al-Hiani (warsh) [download page] Juz&#8217; &#8216;Amma &#8211; reciteret af Shaykh Samir al-Nass (\u1e25af\u1e63) Sm\u00e5 Koran-vers til b\u00f8rn og nybegynderes indl\u00e6ring (\u1e25af\u1e63): S\u016brat al-F\u0101ti\u1e25a [mp3 &#8211; 319 kB] S\u016brat al-K\u0101fir\u016bn [mp3 &#8211; 251 kB] S\u016brat al-Masad [mp3 &#8211; 252 kB] S\u016brat al-Ikhl\u0101\u1e63 [mp3 &#8211; 145 kB] S\u016brat al-Falaq &hellip;<\/p>\n<p class=\"read-more\"> <a class=\"\" href=\"https:\/\/www.muwatta.com\/da\/lydfiler\/\"> <span class=\"screen-reader-text\">Lydfiler<\/span> L\u00e6s mere &raquo;<\/a><\/p>\n","protected":false},"author":1,"featured_media":0,"parent":0,"menu_order":5,"comment_status":"closed","ping_status":"closed","template":"","meta":{"site-sidebar-layout":"default","site-content-layout":"default","ast-global-header-display":"","ast-main-header-display":"","ast-hfb-above-header-display":"","ast-hfb-below-header-display":"","ast-hfb-mobile-header-display":"","site-post-title":"","ast-breadcrumbs-content":"","ast-featured-img":"","footer-sml-layout":"","theme-transparent-header-meta":"","adv-header-id-meta":"","stick-header-meta":"","header-above-stick-meta":"","header-main-stick-meta":"","header-below-stick-meta":"","footnotes":""},"jetpack_sharing_enabled":true,"_links":{"self":[{"href":"https:\/\/www.muwatta.com\/da\/wp-json\/wp\/v2\/pages\/218"}],"collection":[{"href":"https:\/\/www.muwatta.com\/da\/wp-json\/wp\/v2\/pages"}],"about":[{"href":"https:\/\/www.muwatta.com\/da\/wp-json\/wp\/v2\/types\/page"}],"author":[{"embeddable":true,"href":"https:\/\/www.muwatta.com\/da\/wp-json\/wp\/v2\/users\/1"}],"replies":[{"embeddable":true,"href":"https:\/\/www.muwatta.com\/da\/wp-json\/wp\/v2\/comments?post=218"}],"version-history":[{"count":1,"href":"https:\/\/www.muwatta.com\/da\/wp-json\/wp\/v2\/pages\/218\/revisions"}],"predecessor-version":[{"id":3766,"href":"https:\/\/www.muwatta.com\/da\/wp-json\/wp\/v2\/pages\/218\/revisions\/3766"}],"wp:attachment":[{"href":"https:\/\/www.muwatta.com\/da\/wp-json\/wp\/v2\/media?parent=218"}],"curies":[{"name":"wp","href":"https:\/\/api.w.org\/{rel}","templated":true}]}}