{"id":1030,"date":"2011-08-05T17:29:51","date_gmt":"2011-08-05T15:29:51","guid":{"rendered":"https:\/\/www.malikiyya.dk\/artikler\/tasawwuf\/"},"modified":"2022-07-31T12:22:11","modified_gmt":"2022-07-31T10:22:11","slug":"tasawwuf","status":"publish","type":"page","link":"https:\/\/www.muwatta.com\/da\/artikler\/tasawwuf\/","title":{"rendered":"\u00c5ndelighed (ta\u1e63awwuf)"},"content":{"rendered":"<p>[Islamisk \u00e5ndelighed, ogs\u00e5 kaldet tazk\u012bya \/ tazk\u012byat al-nafs, ta\u1e63awwuf, sufisme p\u00e5 dansk, sul\u016bk osv. Uanset navnet, s\u00e5 er det en islamisk vidensgren, som fokuserer p\u00e5 den \u00e5ndelige udvikling af muslimen. Dens form\u00e5l er renselse af hjertet og udvikling af bevidsthed om All\u0101h \ufdfb gennem efterf\u00f8lgelse af Sunna og Shar\u012b\u02bba.]<\/p>\n<p><a href=\"https:\/\/www.muwatta.com\/da\/hvad-er-aandelighed\/\">Hvad er \u00e5ndelighed?<\/a><br \/>\n<a href=\"https:\/\/www.muwatta.com\/da\/grundlaget-for-aandelighed\/\">Grundlaget for \u00e5ndelighed<\/a><br \/>\n<a href=\"https:\/\/www.muwatta.com\/da\/udtalelser-fra-tidlige-laerde-om-aandelighed\/\">Udtalelser fra tidlige l\u00e6rde om \u00e5ndelighed<\/a><br \/>\n<a href=\"https:\/\/www.muwatta.com\/da\/hvilke-handlinger-boer-vi-fokusere-paa-i-ramadan\/\">Hvilke handlinger b\u00f8r vi fokusere p\u00e5 i Rama\u1e0d\u0101n?<\/a><\/p>\n","protected":false},"excerpt":{"rendered":"<p>[Islamisk \u00e5ndelighed, ogs\u00e5 kaldet tazk\u012bya \/ tazk\u012byat al-nafs, ta\u1e63awwuf, sufisme p\u00e5 dansk, sul\u016bk osv. Uanset navnet, s\u00e5 er det en islamisk vidensgren, som fokuserer p\u00e5 den \u00e5ndelige udvikling af muslimen. Dens form\u00e5l er renselse af hjertet og udvikling af bevidsthed om All\u0101h \ufdfb gennem efterf\u00f8lgelse af Sunna og Shar\u012b\u02bba.] Hvad er \u00e5ndelighed? Grundlaget for \u00e5ndelighed &hellip;<\/p>\n<p class=\"read-more\"> <a class=\"\" href=\"https:\/\/www.muwatta.com\/da\/artikler\/tasawwuf\/\"> <span class=\"screen-reader-text\">\u00c5ndelighed (ta\u1e63awwuf)<\/span> L\u00e6s mere &raquo;<\/a><\/p>\n","protected":false},"author":1,"featured_media":0,"parent":2455,"menu_order":3,"comment_status":"closed","ping_status":"closed","template":"","meta":{"site-sidebar-layout":"default","site-content-layout":"default","ast-global-header-display":"","ast-main-header-display":"","ast-hfb-above-header-display":"","ast-hfb-below-header-display":"","ast-hfb-mobile-header-display":"","site-post-title":"","ast-breadcrumbs-content":"","ast-featured-img":"","footer-sml-layout":"","theme-transparent-header-meta":"","adv-header-id-meta":"","stick-header-meta":"","header-above-stick-meta":"","header-main-stick-meta":"","header-below-stick-meta":"","footnotes":""},"jetpack_sharing_enabled":true,"_links":{"self":[{"href":"https:\/\/www.muwatta.com\/da\/wp-json\/wp\/v2\/pages\/1030"}],"collection":[{"href":"https:\/\/www.muwatta.com\/da\/wp-json\/wp\/v2\/pages"}],"about":[{"href":"https:\/\/www.muwatta.com\/da\/wp-json\/wp\/v2\/types\/page"}],"author":[{"embeddable":true,"href":"https:\/\/www.muwatta.com\/da\/wp-json\/wp\/v2\/users\/1"}],"replies":[{"embeddable":true,"href":"https:\/\/www.muwatta.com\/da\/wp-json\/wp\/v2\/comments?post=1030"}],"version-history":[{"count":1,"href":"https:\/\/www.muwatta.com\/da\/wp-json\/wp\/v2\/pages\/1030\/revisions"}],"predecessor-version":[{"id":3758,"href":"https:\/\/www.muwatta.com\/da\/wp-json\/wp\/v2\/pages\/1030\/revisions\/3758"}],"up":[{"embeddable":true,"href":"https:\/\/www.muwatta.com\/da\/wp-json\/wp\/v2\/pages\/2455"}],"wp:attachment":[{"href":"https:\/\/www.muwatta.com\/da\/wp-json\/wp\/v2\/media?parent=1030"}],"curies":[{"name":"wp","href":"https:\/\/api.w.org\/{rel}","templated":true}]}}