{"id":1024,"date":"2011-08-05T17:20:23","date_gmt":"2011-08-05T15:20:23","guid":{"rendered":"https:\/\/www.malikiyya.dk\/artikler\/aqida\/"},"modified":"2022-07-31T12:18:10","modified_gmt":"2022-07-31T10:18:10","slug":"aqida","status":"publish","type":"page","link":"https:\/\/www.muwatta.com\/da\/artikler\/aqida\/","title":{"rendered":"Trosl\u00e6re (\u02bbaq\u012bda)"},"content":{"rendered":"<p>Introduktion til isl\u0101m:<br \/>\n<a href=\"https:\/\/www.muwatta.com\/da\/svarene-paa-7-spoergsmaal-om-islam\/\">Svarene p\u00e5 7 sp\u00f8rgsm\u00e5l om Isl\u0101m<\/a><br \/>\n<a href=\"https:\/\/www.muwatta.com\/da\/islams-soejler\/\">Isl\u0101ms s\u00f8jler<\/a><\/p>\n<p>Profeter:<br \/>\n<a href=\"https:\/\/www.muwatta.com\/da\/profeter-naevnt-i-koranen\/\">Profeter n\u00e6vnt i Koranen<\/a><\/p>\n","protected":false},"excerpt":{"rendered":"<p>Introduktion til isl\u0101m: Svarene p\u00e5 7 sp\u00f8rgsm\u00e5l om Isl\u0101m Isl\u0101ms s\u00f8jler Profeter: Profeter n\u00e6vnt i Koranen<\/p>\n","protected":false},"author":1,"featured_media":0,"parent":2455,"menu_order":0,"comment_status":"closed","ping_status":"closed","template":"","meta":{"site-sidebar-layout":"default","site-content-layout":"default","ast-global-header-display":"","ast-main-header-display":"","ast-hfb-above-header-display":"","ast-hfb-below-header-display":"","ast-hfb-mobile-header-display":"","site-post-title":"","ast-breadcrumbs-content":"","ast-featured-img":"","footer-sml-layout":"","theme-transparent-header-meta":"","adv-header-id-meta":"","stick-header-meta":"","header-above-stick-meta":"","header-main-stick-meta":"","header-below-stick-meta":"","footnotes":""},"jetpack_sharing_enabled":true,"_links":{"self":[{"href":"https:\/\/www.muwatta.com\/da\/wp-json\/wp\/v2\/pages\/1024"}],"collection":[{"href":"https:\/\/www.muwatta.com\/da\/wp-json\/wp\/v2\/pages"}],"about":[{"href":"https:\/\/www.muwatta.com\/da\/wp-json\/wp\/v2\/types\/page"}],"author":[{"embeddable":true,"href":"https:\/\/www.muwatta.com\/da\/wp-json\/wp\/v2\/users\/1"}],"replies":[{"embeddable":true,"href":"https:\/\/www.muwatta.com\/da\/wp-json\/wp\/v2\/comments?post=1024"}],"version-history":[{"count":1,"href":"https:\/\/www.muwatta.com\/da\/wp-json\/wp\/v2\/pages\/1024\/revisions"}],"predecessor-version":[{"id":3751,"href":"https:\/\/www.muwatta.com\/da\/wp-json\/wp\/v2\/pages\/1024\/revisions\/3751"}],"up":[{"embeddable":true,"href":"https:\/\/www.muwatta.com\/da\/wp-json\/wp\/v2\/pages\/2455"}],"wp:attachment":[{"href":"https:\/\/www.muwatta.com\/da\/wp-json\/wp\/v2\/media?parent=1024"}],"curies":[{"name":"wp","href":"https:\/\/api.w.org\/{rel}","templated":true}]}}