{"id":1019,"date":"2011-08-05T17:16:41","date_gmt":"2011-08-05T15:16:41","guid":{"rendered":"https:\/\/www.malikiyya.dk\/fiqh\/generelt\/"},"modified":"2022-07-31T12:21:10","modified_gmt":"2022-07-31T10:21:10","slug":"generelt","status":"publish","type":"page","link":"https:\/\/www.muwatta.com\/da\/artikler\/fiqh\/generelt\/","title":{"rendered":"Generelt"},"content":{"rendered":"<p>Koranen:<br \/>\n<a href=\"https:\/\/www.muwatta.com\/da\/hvordan-faar-man-laest-hele-koranen-i-ramadan\/\">Hvordan f\u00e5r man l\u00e6st hele Koranen i Rama\u1e0d\u0101n?<\/a><\/p>\n<p>Den rituelle b\u00f8n (\u1e63al\u0101t):<br \/>\n<a href=\"https:\/\/www.muwatta.com\/da\/boennens-vigtighed\/\">B\u00f8nnens vigtighed<\/a><br \/>\n<a href=\"https:\/\/www.muwatta.com\/da\/alvoren-i-at-forlade-boennen\/\">Alvoren i at forlade b\u00f8nnen<\/a><\/p>\n<p>Krop og bekl\u00e6dning:<br \/>\n<a href=\"https:\/\/www.muwatta.com\/da\/turban-traditionen-i-islam\/\">Turban-traditionen i Isl\u0101m<\/a><\/p>\n<p>Forkastelig innovation (bid\u02bba):<br \/>\n<a href=\"https:\/\/www.muwatta.com\/da\/hvad-er-bida\/\">Hvad er forkastelig innovation (bid\u02bba)?<\/a><\/p>\n<p>Selvt\u00e6gt og terrorisme:<br \/>\n<a href=\"https:\/\/www.muwatta.com\/da\/islam-forbyder-og-fordoemmer-terrorisme\/\">Isl\u0101m forbyder og ford\u00f8mmer terrorisme<\/a><\/p>\n","protected":false},"excerpt":{"rendered":"<p>Koranen: Hvordan f\u00e5r man l\u00e6st hele Koranen i Rama\u1e0d\u0101n? Den rituelle b\u00f8n (\u1e63al\u0101t): B\u00f8nnens vigtighed Alvoren i at forlade b\u00f8nnen Krop og bekl\u00e6dning: Turban-traditionen i Isl\u0101m Forkastelig innovation (bid\u02bba): Hvad er forkastelig innovation (bid\u02bba)? Selvt\u00e6gt og terrorisme: Isl\u0101m forbyder og ford\u00f8mmer terrorisme<\/p>\n","protected":false},"author":1,"featured_media":0,"parent":970,"menu_order":3,"comment_status":"closed","ping_status":"closed","template":"","meta":{"site-sidebar-layout":"default","site-content-layout":"default","ast-global-header-display":"","ast-main-header-display":"","ast-hfb-above-header-display":"","ast-hfb-below-header-display":"","ast-hfb-mobile-header-display":"","site-post-title":"","ast-breadcrumbs-content":"","ast-featured-img":"","footer-sml-layout":"","theme-transparent-header-meta":"","adv-header-id-meta":"","stick-header-meta":"","header-above-stick-meta":"","header-main-stick-meta":"","header-below-stick-meta":"","footnotes":""},"jetpack_sharing_enabled":true,"_links":{"self":[{"href":"https:\/\/www.muwatta.com\/da\/wp-json\/wp\/v2\/pages\/1019"}],"collection":[{"href":"https:\/\/www.muwatta.com\/da\/wp-json\/wp\/v2\/pages"}],"about":[{"href":"https:\/\/www.muwatta.com\/da\/wp-json\/wp\/v2\/types\/page"}],"author":[{"embeddable":true,"href":"https:\/\/www.muwatta.com\/da\/wp-json\/wp\/v2\/users\/1"}],"replies":[{"embeddable":true,"href":"https:\/\/www.muwatta.com\/da\/wp-json\/wp\/v2\/comments?post=1019"}],"version-history":[{"count":1,"href":"https:\/\/www.muwatta.com\/da\/wp-json\/wp\/v2\/pages\/1019\/revisions"}],"predecessor-version":[{"id":3755,"href":"https:\/\/www.muwatta.com\/da\/wp-json\/wp\/v2\/pages\/1019\/revisions\/3755"}],"up":[{"embeddable":true,"href":"https:\/\/www.muwatta.com\/da\/wp-json\/wp\/v2\/pages\/970"}],"wp:attachment":[{"href":"https:\/\/www.muwatta.com\/da\/wp-json\/wp\/v2\/media?parent=1019"}],"curies":[{"name":"wp","href":"https:\/\/api.w.org\/{rel}","templated":true}]}}