{"id":1013,"date":"2011-08-05T17:13:12","date_gmt":"2011-08-05T15:13:12","guid":{"rendered":"https:\/\/www.malikiyya.dk\/taqlid\/"},"modified":"2022-07-31T12:21:40","modified_gmt":"2022-07-31T10:21:40","slug":"taqlid","status":"publish","type":"page","link":"https:\/\/www.muwatta.com\/da\/artikler\/taqlid\/","title":{"rendered":"At f\u00f8lge retsskoler (taql\u012bd)"},"content":{"rendered":"<p>Om at f\u00f8lge retsskoler (madh\u0101hib) m.m.:<br \/>\n<a href=\"https:\/\/www.muwatta.com\/da\/hvorfor-boer-man-foelge-en-madhhab\/\">Hvorfor b\u00f8r man f\u00f8lge en retsskole (madhhab)?<\/a><br \/>\n<a href=\"https:\/\/www.muwatta.com\/da\/hvorfor-muslimer-foelger-retsskoler-madhahib\/\">Hvorfor muslimer f\u00f8lger retsskoler (madh\u0101hib)<\/a><br \/>\n<a href=\"https:\/\/www.muwatta.com\/da\/hvordan-vaelger-jeg-en-retsskole-madhhab-og-hvorfor\/\">Hvordan v\u00e6lger jeg en retsskole (madhhab) og hvorfor?<\/a><br \/>\n<a href=\"https:\/\/www.muwatta.com\/da\/hvordan-er-retsskoler-forskellige-fra-kristendommens-sekter\/\">Hvordan er retsskoler forskellige fra kristendommens sekter?<\/a><\/p>\n","protected":false},"excerpt":{"rendered":"<p>Om at f\u00f8lge retsskoler (madh\u0101hib) m.m.: Hvorfor b\u00f8r man f\u00f8lge en retsskole (madhhab)? Hvorfor muslimer f\u00f8lger retsskoler (madh\u0101hib) Hvordan v\u00e6lger jeg en retsskole (madhhab) og hvorfor? Hvordan er retsskoler forskellige fra kristendommens sekter?<\/p>\n","protected":false},"author":1,"featured_media":0,"parent":2455,"menu_order":2,"comment_status":"closed","ping_status":"closed","template":"","meta":{"site-sidebar-layout":"default","site-content-layout":"default","ast-global-header-display":"","ast-main-header-display":"","ast-hfb-above-header-display":"","ast-hfb-below-header-display":"","ast-hfb-mobile-header-display":"","site-post-title":"","ast-breadcrumbs-content":"","ast-featured-img":"","footer-sml-layout":"","theme-transparent-header-meta":"","adv-header-id-meta":"","stick-header-meta":"","header-above-stick-meta":"","header-main-stick-meta":"","header-below-stick-meta":"","footnotes":""},"jetpack_sharing_enabled":true,"_links":{"self":[{"href":"https:\/\/www.muwatta.com\/da\/wp-json\/wp\/v2\/pages\/1013"}],"collection":[{"href":"https:\/\/www.muwatta.com\/da\/wp-json\/wp\/v2\/pages"}],"about":[{"href":"https:\/\/www.muwatta.com\/da\/wp-json\/wp\/v2\/types\/page"}],"author":[{"embeddable":true,"href":"https:\/\/www.muwatta.com\/da\/wp-json\/wp\/v2\/users\/1"}],"replies":[{"embeddable":true,"href":"https:\/\/www.muwatta.com\/da\/wp-json\/wp\/v2\/comments?post=1013"}],"version-history":[{"count":2,"href":"https:\/\/www.muwatta.com\/da\/wp-json\/wp\/v2\/pages\/1013\/revisions"}],"predecessor-version":[{"id":3757,"href":"https:\/\/www.muwatta.com\/da\/wp-json\/wp\/v2\/pages\/1013\/revisions\/3757"}],"up":[{"embeddable":true,"href":"https:\/\/www.muwatta.com\/da\/wp-json\/wp\/v2\/pages\/2455"}],"wp:attachment":[{"href":"https:\/\/www.muwatta.com\/da\/wp-json\/wp\/v2\/media?parent=1013"}],"curies":[{"name":"wp","href":"https:\/\/api.w.org\/{rel}","templated":true}]}}